{"id":2299,"date":"2021-04-25T13:20:19","date_gmt":"2021-04-25T10:20:19","guid":{"rendered":"https:\/\/driftwoodvillas.com\/ueber-uns\/"},"modified":"2021-04-25T15:12:01","modified_gmt":"2021-04-25T12:12:01","slug":"ueber-uns","status":"publish","type":"page","link":"https:\/\/driftwoodvillas.com\/de\/ueber-uns\/","title":{"rendered":"\u00dcber uns"},"content":{"rendered":"<p>[et_pb_section fb_built=&#8221;1&#8243; admin_label=&#8221;section&#8221; _builder_version=&#8221;3.22&#8243;][et_pb_row admin_label=&#8221;row&#8221; _builder_version=&#8221;3.25&#8243; background_size=&#8221;initial&#8221; background_position=&#8221;top_left&#8221; background_repeat=&#8221;repeat&#8221;][et_pb_column type=&#8221;4_4&#8243; _builder_version=&#8221;3.25&#8243; custom_padding=&#8221;|||&#8221; custom_padding__hover=&#8221;|||&#8221;][et_pb_text admin_label=&#8221;Text&#8221; _builder_version=&#8221;3.27.4&#8243; background_size=&#8221;initial&#8221; background_position=&#8221;top_left&#8221; background_repeat=&#8221;repeat&#8221; hover_enabled=&#8221;0&#8243; use_border_color=&#8221;off&#8221; border_color=&#8221;#ffffff&#8221; border_style=&#8221;solid&#8221; sticky_enabled=&#8221;0&#8243;]<\/p>\n<p>Dennis und Maria sind die Eigent\u00fcmer der Driftwood Villa.<\/p>\n<p>Dennis bringt eine lang j\u00e4hrige Erfahrung in der Touristik Branche mit sich und Maria ist alternative Heilerin. Sie lieben beide die Natur, \u00d6kologie, Tiere und die gesunde Lebensweise. Daraus entstand der Wunsch, diese \u00d6kologische Villa zu bauen, um in der Lage zu sein, die griechische \u201efiloxenia\u201c* und die N\u00e4he zur Natur zu verbinden.<\/p>\n<p>* filoxenia = Gastfreundschaft, abgeleitet aus den griechischen W\u00f6rtern filo = Liebe und xenos = Fremder. Die alten Griechen glaubten, es sei eine moralische Verpflichtung gastfreundlich gegen\u00fcber Reisenden und Fremden zu sein. Zeus, der Vater der griechischen G\u00f6tter, wurde auch Zeus Xenios genannt und war der Besch\u00fctzer der \u201efiloxenia\u201c.<\/p>\n<p>[\/et_pb_text][\/et_pb_column][\/et_pb_row][\/et_pb_section]<\/p>\n","protected":false},"excerpt":{"rendered":"<p>[et_pb_section fb_built=&#8221;1&#8243; admin_label=&#8221;section&#8221; _builder_version=&#8221;3.22&#8243;][et_pb_row admin_label=&#8221;row&#8221; _builder_version=&#8221;3.25&#8243; background_size=&#8221;initial&#8221; background_position=&#8221;top_left&#8221; background_repeat=&#8221;repeat&#8221;][et_pb_column type=&#8221;4_4&#8243; _builder_version=&#8221;3.25&#8243; custom_padding=&#8221;|||&#8221; custom_padding__hover=&#8221;|||&#8221;][et_pb_text admin_label=&#8221;Text&#8221; _builder_version=&#8221;3.27.4&#8243; background_size=&#8221;initial&#8221; background_position=&#8221;top_left&#8221; background_repeat=&#8221;repeat&#8221; hover_enabled=&#8221;0&#8243; use_border_color=&#8221;off&#8221; border_color=&#8221;#ffffff&#8221; border_style=&#8221;solid&#8221; sticky_enabled=&#8221;0&#8243;] Dennis und Maria sind die Eigent\u00fcmer der Driftwood Villa. Dennis bringt eine lang j\u00e4hrige Erfahrung in der Touristik Branche mit sich und Maria ist alternative Heilerin. Sie lieben beide die Natur, \u00d6kologie, [&hellip;]<\/p>\n","protected":false},"author":1,"featured_media":0,"parent":0,"menu_order":0,"comment_status":"closed","ping_status":"closed","template":"","meta":{"_et_pb_use_builder":"on","_et_pb_old_content":"","_et_gb_content_width":"","footnotes":""},"class_list":["post-2299","page","type-page","status-publish","hentry"],"_links":{"self":[{"href":"https:\/\/driftwoodvillas.com\/de\/wp-json\/wp\/v2\/pages\/2299","targetHints":{"allow":["GET"]}}],"collection":[{"href":"https:\/\/driftwoodvillas.com\/de\/wp-json\/wp\/v2\/pages"}],"about":[{"href":"https:\/\/driftwoodvillas.com\/de\/wp-json\/wp\/v2\/types\/page"}],"author":[{"embeddable":true,"href":"https:\/\/driftwoodvillas.com\/de\/wp-json\/wp\/v2\/users\/1"}],"replies":[{"embeddable":true,"href":"https:\/\/driftwoodvillas.com\/de\/wp-json\/wp\/v2\/comments?post=2299"}],"version-history":[{"count":0,"href":"https:\/\/driftwoodvillas.com\/de\/wp-json\/wp\/v2\/pages\/2299\/revisions"}],"wp:attachment":[{"href":"https:\/\/driftwoodvillas.com\/de\/wp-json\/wp\/v2\/media?parent=2299"}],"curies":[{"name":"wp","href":"https:\/\/api.w.org\/{rel}","templated":true}]}}