{"id":2317,"date":"2021-04-25T14:19:19","date_gmt":"2021-04-25T11:19:19","guid":{"rendered":"https:\/\/driftwoodvillas.com\/?page_id=2317"},"modified":"2023-05-07T13:02:22","modified_gmt":"2023-05-07T10:02:22","slug":"special-services","status":"publish","type":"page","link":"https:\/\/driftwoodvillas.com\/de\/special-services\/","title":{"rendered":"Spezielle Dienstleistungen"},"content":{"rendered":"<p>[et_pb_section fb_built=&#8221;1&#8243; admin_label=&#8221;Section&#8221; _builder_version=&#8221;3.22&#8243;][et_pb_row admin_label=&#8221;Row&#8221; _builder_version=&#8221;3.25&#8243; background_size=&#8221;initial&#8221; background_position=&#8221;top_left&#8221; background_repeat=&#8221;repeat&#8221;][et_pb_column type=&#8221;4_4&#8243; _builder_version=&#8221;3.25&#8243; custom_padding=&#8221;|||&#8221; custom_padding__hover=&#8221;|||&#8221;][et_pb_text admin_label=&#8221;Text&#8221; _builder_version=&#8221;4.9.4&#8243; background_size=&#8221;initial&#8221; background_position=&#8221;top_left&#8221; background_repeat=&#8221;repeat&#8221; use_border_color=&#8221;off&#8221; border_color=&#8221;#ffffff&#8221; border_style=&#8221;solid&#8221;]<\/p>\n<h1>Spezielle Unterkunftsdienstleistungen<\/h1>\n<p>&nbsp;<\/p>\n<p>[\/et_pb_text][\/et_pb_column][\/et_pb_row][\/et_pb_section][et_pb_section fb_built=&#8221;1&#8243; admin_label=&#8221;section&#8221; module_class=&#8221;left-diagonal&#8221; _builder_version=&#8221;3.22&#8243; background_color=&#8221;#c1c1c1&#8243; transparent_background=&#8221;off&#8221; make_fullwidth=&#8221;off&#8221; use_custom_width=&#8221;off&#8221; width_unit=&#8221;on&#8221;][et_pb_row admin_label=&#8221;row&#8221; _builder_version=&#8221;3.25&#8243; background_size=&#8221;initial&#8221; background_position=&#8221;top_left&#8221; background_repeat=&#8221;repeat&#8221;][et_pb_column type=&#8221;4_4&#8243; _builder_version=&#8221;3.25&#8243; custom_padding=&#8221;|||&#8221; custom_padding__hover=&#8221;|||&#8221;][et_pb_text admin_label=&#8221;Text&#8221; _builder_version=&#8221;4.9.3&#8243; background_size=&#8221;initial&#8221; background_position=&#8221;top_left&#8221; background_repeat=&#8221;repeat&#8221; hover_enabled=&#8221;0&#8243; use_border_color=&#8221;off&#8221; border_color=&#8221;#ffffff&#8221; border_style=&#8221;solid&#8221; sticky_enabled=&#8221;0&#8243;]<\/p>\n<h1>\u00a0<\/h1>\n<h2><strong><img loading=\"lazy\" decoding=\"async\" class=\" wp-image-1922 alignright\" src=\"https:\/\/driftwoodvillas.com\/wp-content\/uploads\/2017\/04\/kefalonia-villa-greek-breakfast-300x200.jpg\" alt=\"\" width=\"189\" height=\"126\" srcset=\"https:\/\/driftwoodvillas.com\/wp-content\/uploads\/2017\/04\/kefalonia-villa-greek-breakfast-300x200.jpg 300w, https:\/\/driftwoodvillas.com\/wp-content\/uploads\/2017\/04\/kefalonia-villa-greek-breakfast-510x340.jpg 510w, https:\/\/driftwoodvillas.com\/wp-content\/uploads\/2017\/04\/kefalonia-villa-greek-breakfast-768x512.jpg 768w, https:\/\/driftwoodvillas.com\/wp-content\/uploads\/2017\/04\/kefalonia-villa-greek-breakfast.jpg 780w\" sizes=\"auto, (max-width: 189px) 100vw, 189px\" \/>1) Traditionelles griechisches Fr\u00fchst\u00fcck kann t\u00e4glich serviert werden.<\/strong><\/h2>\n<p>Mit einer Auswahl an frischen lokalen Produkten wie: Eier, Kr\u00e4utertees, frisch gebackenes Brot, Honig oder hausgemachte Marmelade, Butter, N\u00fcsse, Fr\u00fcchte, kefalonische Milchprodukte (Joghurt, K\u00e4se, Milch), Gem\u00fcse etc. Bio-Produkte, wenn m\u00f6glich!<\/p>\n<h2><strong>2) Kochkurse und Zubereitung des Abendessens.<\/strong><\/h2>\n<p>Wir k\u00f6nnen ein privates Abendessen nach traditionellen griechischen Rezepten arrangieren und wenn Sie m\u00f6chten, k\u00f6nnen wir dieses zusammen zubereiten, so dass Sie einige der leckersten griechischen Gerichte kennen lernen k\u00f6nnen. Selbstverst\u00e4ndlich stellen wir Ihnen die notwendigen Zutaten und den passenden Wein zur Verf\u00fcgung.<\/p>\n<h2><strong>3) Die Anordnung eines privaten Kochs.<\/strong><\/h2>\n<p><img loading=\"lazy\" decoding=\"async\" class=\"alignleft wp-image-3291\" src=\"https:\/\/driftwoodvillas.com\/wp-content\/uploads\/2023\/05\/logo-262x300.png\" alt=\"\" width=\"100\" height=\"114\" srcset=\"https:\/\/driftwoodvillas.com\/wp-content\/uploads\/2023\/05\/logo-262x300.png 262w, https:\/\/driftwoodvillas.com\/wp-content\/uploads\/2023\/05\/logo.png 369w\" sizes=\"auto, (max-width: 100px) 100vw, 100px\" \/><\/p>\n<p>Driftwood Villa bietet seinen G\u00e4sten eine einzigartige kulinarische Erfahrung in Zusammenarbeit mit <a href=\"https:\/\/ionianpersonalchefs.com\" target=\"_blank\" rel=\"noopener\">Ionian Personal Chefs<\/a>. G\u00e4ste k\u00f6nnen nun eine Sitzung mit einem privaten Koch und seinem Team arrangieren, die in der Villa stattfindet und ein k\u00f6stliches Essen mit traditioneller Kefalonian K\u00fcche oder anderen Vorlieben wie vegan, Meeresfr\u00fcchten oder Fleischgerichten zubereiten. Mit diesem exklusiven Service k\u00f6nnen G\u00e4ste die Bequemlichkeit genie\u00dfen, dass ein professioneller Koch ein ma\u00dfgeschneidertes Essen direkt im Komfort ihrer eigenen Villa zubereitet. Dies ist die perfekte Gelegenheit f\u00fcr G\u00e4ste, die Aromen Griechenlands zu genie\u00dfen und sich in einem einzigartigen kulinarischen Erlebnis zu verw\u00f6hnen.<\/p>\n<h2><strong>4) Alternative Behandlungen.<\/strong><\/h2>\n<p>In der Villa k\u00f6nnen Sie private Sitzungen nach dem Wohlbefinden und der Gesundheit erleben. Eine einzigartige Kombination aus entspannenden und therapeutischen Techniken!<\/p>\n<ul>\n<li>\n<h3>Reflexologie und entspannende Massage.<\/h3>\n<\/li>\n<\/ul>\n<p>&nbsp;<\/p>\n<p>&nbsp;<\/p>\n<p>Reflexologie ist eine alte Therapie, die tiefe Entspannung und Stimulation des Immunsystems bietet.<br \/>Die Behandlung ist eine spezielle Massage der Druckpunkte, die wir auf Gesicht, H\u00e4nden und F\u00fc\u00dfen finden. Sie ist ganzheitlich, was bedeutet, dass wir den K\u00f6rper als &#8220;Ganzes&#8221; behandeln um den individuell vorhandenen Problemen besondere Aufmerksamkeit zu schenken<img loading=\"lazy\" decoding=\"async\" class=\"alignright wp-image-1924 size-medium\" src=\"https:\/\/driftwoodvillas.com\/wp-content\/uploads\/2017\/04\/villa-kefalonia-massage-300x200.jpg\" alt=\"\" width=\"300\" height=\"200\" srcset=\"https:\/\/driftwoodvillas.com\/wp-content\/uploads\/2017\/04\/villa-kefalonia-massage-300x200.jpg 300w, https:\/\/driftwoodvillas.com\/wp-content\/uploads\/2017\/04\/villa-kefalonia-massage-510x340.jpg 510w, https:\/\/driftwoodvillas.com\/wp-content\/uploads\/2017\/04\/villa-kefalonia-massage-768x512.jpg 768w, https:\/\/driftwoodvillas.com\/wp-content\/uploads\/2017\/04\/villa-kefalonia-massage.jpg 849w\" sizes=\"auto, (max-width: 300px) 100vw, 300px\" \/>.<\/p>\n<p style=\"padding-left: 30px;\"><strong>Tiefe Entspannung:<\/strong> Eine spezielle Fu\u00df-, R\u00fccken-, Arm- und Beinbehandlung, kombiniert mit der Verwendung \u00e4therischer \u00d6le, bietet tiefe Entspannung von K\u00f6rper und Geist. Es hilft erheblich bei Problemen der Schlaflosigkeit, Stress, Angst und M\u00fcdigkeit.<\/p>\n<p style=\"padding-left: 30px;\"><strong>R\u00fccken- und Muskelschmerzen:<\/strong> Reflexologie hilft, die Schmerzen des K\u00f6rpers zu lindern, nach Verletzungen, Geb\u00e4rmutterhalssyndrom, Muskel-Skelett-Probleme, Arthritis, Lumbago, etc. Eine Behandlung an den F\u00fc\u00dfen mit der Verwendung der entsprechenden \u00e4therischen \u00d6le.<\/p>\n<p style=\"padding-left: 30px;\"><strong>Magen- und Darmerkrankungen:<\/strong> Eine spezifische Behandlung an den F\u00fc\u00dfen, f\u00fcr Verstopfung, Reizdarmsyndrom, Magenschmerzen und Verdauungsst\u00f6rungen usw., mit der Verwendung von \u00e4therischen \u00d6len.<\/p>\n<p style=\"padding-left: 30px;\"><strong>Schwangerschaftsbehandlung:<\/strong> Reflexologie kann w\u00e4hrend der Schwangerschaft erheblich helfen. Es hilft bei R\u00fcckenschmerzen, Verstopfung, Stress und Angst, aufgebl\u00e4hte F\u00fc\u00dfe, Verdauungsst\u00f6rungen usw. Es ist eine sichere und nat\u00fcrliche Behandlung, die Komfort w\u00e4hrend der Schwangerschaft bietet.<\/p>\n<p style=\"padding-left: 30px;\">Jede Behandlung dauert 60min und kostet 80 Euro.<\/p>\n<ul>\n<li>\n<h3>Bioresonanz\/Biofeedback<\/h3>\n<\/li>\n<\/ul>\n<p>Die Theorie ist, dass Stress die inh\u00e4renten elektromagnetischen Frequenzen st\u00f6rt, bei denen die Zellen, Organe usw. des K\u00f6rpers schwingen, und dass durch die R\u00fcckkehr dieser Frequenzen in ihren nat\u00fcrlichen Zustand der Stress und jede nachfolgende Krankheit, die aufgrund der St\u00f6rung aufgetreten ist, korrigiert werden kann. Studien haben gezeigt, dass Menschen, die \u00fcberfordert sind, andere Muster von Gehirnwellen produzieren als Menschen, die nicht \u00fcberbeansprucht sind, und dass die Umkehrung dieses Stresses, insbesondere durch Techniken wie Biofeedback-Training, das den Einzelnen bei der Kontrolle seiner R\u00fcckkehr zu stressfreiem Leben einsetzt, dazu f\u00fchren kann, dass die abnormalen Muster normal werden.<\/p>\n<p><strong>Energiefluss und Entspannung<\/strong><\/p>\n<ul>\n<li>Aura-Reinigung und Chakras \u00d6ffnung Freisetzung von emotionalen Traumata und Verringerung negativerGef\u00fchle<\/li>\n<li>Allgemeine Stressreduktion und Entspannung<strong>Dauer:<\/strong> Ungef\u00e4hr 70&#8242;<br \/><strong>Kosten:<\/strong> 90 Euro<br \/><em>F\u00fcr Paare<\/em><\/li>\n<\/ul>\n<p style=\"padding-left: 30px;\">Diese Behandlung ist f\u00fcr zwei Personen und es hilft der Bindung zwischen ihnen. Es f\u00f6rdert ein besseres Verst\u00e4ndnis, kann Erinnerungen stimulieren und sogar emotionale Katharsis (\u201eReinigung\u201c) produzieren. Es hilft ihnen zu vergeben, zu vergessen und ihre Beziehung aufzufrischen.<\/p>\n<ul>\n<li>Biorhythmuskompatibilit\u00e4t<\/li>\n<li>Verbesserung der Bindung und Verst\u00e4ndigung zwischen 2 Personen<\/li>\n<\/ul>\n<p><strong>Dauer<\/strong>: ungef\u00e4hr 45&#8242;<br \/><strong>Kosten pro Paar<\/strong>: 80 Euro<\/p>\n<ul>\n<li>\n<h3>Hom\u00f6opathie:<\/h3>\n<\/li>\n<\/ul>\n<h3><strong><img loading=\"lazy\" decoding=\"async\" class=\"alignnone wp-image-1948 size-full\" src=\"https:\/\/driftwoodvillas.com\/wp-content\/uploads\/2017\/04\/banner-about.jpg\" alt=\"\" width=\"556\" height=\"177\" srcset=\"https:\/\/driftwoodvillas.com\/wp-content\/uploads\/2017\/04\/banner-about.jpg 556w, https:\/\/driftwoodvillas.com\/wp-content\/uploads\/2017\/04\/banner-about-510x162.jpg 510w, https:\/\/driftwoodvillas.com\/wp-content\/uploads\/2017\/04\/banner-about-300x96.jpg 300w\" sizes=\"auto, (max-width: 556px) 100vw, 556px\" \/><\/strong><\/h3>\n<h2>\u00a0<\/h2>\n<h2>\u00a0<\/h2>\n<h2><strong>5) Touren<\/strong><\/h2>\n<h3>Wir empfehlen\/arrangieren:<\/h3>\n<ul>\n<li>Weintouren, damit Sie den einzigartigen Robola-Wein und alle lokalen Weine probieren k\u00f6nnen.<\/li>\n<li>T\u00e4gliche Ausfl\u00fcge, so dass Sie alle versteckten Sch\u00f6nheiten der Insel kennen lernen k\u00f6nnen.<\/li>\n<li>Outdoor extreme Aktivit\u00e4ten f\u00fcr abenteuerlichere Ferien.<\/li>\n<li>Private Yacht-Kreuzfahrten, so dass Sie an den versteckten Str\u00e4nden der Insel abtauchen k\u00f6nnen.<\/li>\n<\/ul>\n<p>[\/et_pb_text][\/et_pb_column][\/et_pb_row][\/et_pb_section]<\/p>\n","protected":false},"excerpt":{"rendered":"<p>[et_pb_section fb_built=&#8221;1&#8243; admin_label=&#8221;Section&#8221; _builder_version=&#8221;3.22&#8243;][et_pb_row admin_label=&#8221;Row&#8221; _builder_version=&#8221;3.25&#8243; background_size=&#8221;initial&#8221; background_position=&#8221;top_left&#8221; background_repeat=&#8221;repeat&#8221;][et_pb_column type=&#8221;4_4&#8243; _builder_version=&#8221;3.25&#8243; custom_padding=&#8221;|||&#8221; custom_padding__hover=&#8221;|||&#8221;][et_pb_text admin_label=&#8221;Text&#8221; _builder_version=&#8221;4.9.4&#8243; background_size=&#8221;initial&#8221; background_position=&#8221;top_left&#8221; background_repeat=&#8221;repeat&#8221; use_border_color=&#8221;off&#8221; border_color=&#8221;#ffffff&#8221; border_style=&#8221;solid&#8221;] Spezielle Unterkunftsdienstleistungen &nbsp; [\/et_pb_text][\/et_pb_column][\/et_pb_row][\/et_pb_section][et_pb_section fb_built=&#8221;1&#8243; admin_label=&#8221;section&#8221; module_class=&#8221;left-diagonal&#8221; _builder_version=&#8221;3.22&#8243; background_color=&#8221;#c1c1c1&#8243; transparent_background=&#8221;off&#8221; make_fullwidth=&#8221;off&#8221; use_custom_width=&#8221;off&#8221; width_unit=&#8221;on&#8221;][et_pb_row admin_label=&#8221;row&#8221; _builder_version=&#8221;3.25&#8243; background_size=&#8221;initial&#8221; background_position=&#8221;top_left&#8221; background_repeat=&#8221;repeat&#8221;][et_pb_column type=&#8221;4_4&#8243; _builder_version=&#8221;3.25&#8243; custom_padding=&#8221;|||&#8221; custom_padding__hover=&#8221;|||&#8221;][et_pb_text admin_label=&#8221;Text&#8221; _builder_version=&#8221;4.9.3&#8243; background_size=&#8221;initial&#8221; background_position=&#8221;top_left&#8221; background_repeat=&#8221;repeat&#8221; hover_enabled=&#8221;0&#8243; use_border_color=&#8221;off&#8221; border_color=&#8221;#ffffff&#8221; border_style=&#8221;solid&#8221; sticky_enabled=&#8221;0&#8243;] \u00a0 1) [&hellip;]<\/p>\n","protected":false},"author":1,"featured_media":0,"parent":0,"menu_order":0,"comment_status":"closed","ping_status":"closed","template":"","meta":{"_et_pb_use_builder":"on","_et_pb_old_content":"","_et_gb_content_width":"","footnotes":""},"class_list":["post-2317","page","type-page","status-publish","hentry"],"_links":{"self":[{"href":"https:\/\/driftwoodvillas.com\/de\/wp-json\/wp\/v2\/pages\/2317","targetHints":{"allow":["GET"]}}],"collection":[{"href":"https:\/\/driftwoodvillas.com\/de\/wp-json\/wp\/v2\/pages"}],"about":[{"href":"https:\/\/driftwoodvillas.com\/de\/wp-json\/wp\/v2\/types\/page"}],"author":[{"embeddable":true,"href":"https:\/\/driftwoodvillas.com\/de\/wp-json\/wp\/v2\/users\/1"}],"replies":[{"embeddable":true,"href":"https:\/\/driftwoodvillas.com\/de\/wp-json\/wp\/v2\/comments?post=2317"}],"version-history":[{"count":4,"href":"https:\/\/driftwoodvillas.com\/de\/wp-json\/wp\/v2\/pages\/2317\/revisions"}],"predecessor-version":[{"id":3314,"href":"https:\/\/driftwoodvillas.com\/de\/wp-json\/wp\/v2\/pages\/2317\/revisions\/3314"}],"wp:attachment":[{"href":"https:\/\/driftwoodvillas.com\/de\/wp-json\/wp\/v2\/media?parent=2317"}],"curies":[{"name":"wp","href":"https:\/\/api.w.org\/{rel}","templated":true}]}}