{"id":2332,"date":"2021-04-25T14:34:04","date_gmt":"2021-04-25T11:34:04","guid":{"rendered":"https:\/\/driftwoodvillas.com\/?page_id=2332"},"modified":"2021-04-25T16:48:57","modified_gmt":"2021-04-25T13:48:57","slug":"bedingungen","status":"publish","type":"page","link":"https:\/\/driftwoodvillas.com\/de\/bedingungen\/","title":{"rendered":"Bedingungen"},"content":{"rendered":"<p>[et_pb_section fb_built=&#8221;1&#8243; admin_label=&#8221;section&#8221; _builder_version=&#8221;3.22&#8243;][et_pb_row admin_label=&#8221;row&#8221; _builder_version=&#8221;3.25&#8243; background_size=&#8221;initial&#8221; background_position=&#8221;top_left&#8221; background_repeat=&#8221;repeat&#8221;][et_pb_column type=&#8221;4_4&#8243; _builder_version=&#8221;3.25&#8243; custom_padding=&#8221;|||&#8221; custom_padding__hover=&#8221;|||&#8221;][et_pb_text admin_label=&#8221;Text&#8221; _builder_version=&#8221;4.9.4&#8243; background_size=&#8221;initial&#8221; background_position=&#8221;top_left&#8221; background_repeat=&#8221;repeat&#8221; hover_enabled=&#8221;0&#8243; use_border_color=&#8221;off&#8221; border_color=&#8221;#ffffff&#8221; border_style=&#8221;solid&#8221; sticky_enabled=&#8221;0&#8243;]<\/p>\n<h1>Allgemeine Gesch\u00e4ftsbedingungen<\/h1>\n<h4><a href=\"\/reserve\/driftwood-villa\">Vermietung der Driftwood Villa in Karavados Kefalonia<\/a><\/h4>\n<h3>Einzahlungsbetrag<\/h3>\n<p>Reservieren Sie Ihre Buchung bei Driftwood Villa Einzahlungsbetrag um eine Buchung zu best\u00e4tigen,<br \/>Eine Anzahlung in H\u00f6he von 30 % ist erforderlich. <\/p>\n<h3>Zahlungsmethoden<\/h3>\n<p>Wir k\u00f6nnen Zahlungen nur online f\u00fcr Ihre Villa Miete akzeptieren, entweder mit Kredit, Prepaid, Debitkarte oder PayPal . Wir akzeptieren nur: Visa, Master Card, Discover &amp; American Express Kreditkarten.<\/p>\n<p>Online-Zahlungssystem verwendet PayPal v\u00f6llig sichere &amp; verschl\u00fcsselte Website und Sie m\u00fcssen nur die angezeigten Anweisungen befolgen.<\/p>\n<p>Sie erhalten eine automatische E-Mail als Best\u00e4tigung f\u00fcr die Villa-Buchung. Sollten Sie eine spezielle Rechnung \/ Best\u00e4tigung ben\u00f6tigen, <a href=\"\/de?page_id=61\">kontaktieren<\/a> Sie uns bitte.\u00a0<\/p>\n<h3>Stornierungsbedingungen<\/h3>\n<p>F\u00fcr Buchungsstornierungen<\/p>\n<p>46 Tage vor Anreise gibt es keine Geb\u00fchr und Sie erhalten 100% R\u00fcckerstattung.<br \/>31-45 Tage vor Anreise wird eine Geb\u00fchr in H\u00f6he von 50% der Kosten f\u00fcr Ihre Buchung berechnet <br \/>0 \u2013 30 Tage vor Anreise, es tut uns leid, aber die Geb\u00fchr wird 100% Ihrer Buchungskosten betragen.<\/p>\n<p>Schadenssicherheit ist 100% erstattungsf\u00e4hig<\/p>\n<p>[\/et_pb_text][\/et_pb_column][\/et_pb_row][\/et_pb_section]<\/p>\n","protected":false},"excerpt":{"rendered":"<p>[et_pb_section fb_built=&#8221;1&#8243; admin_label=&#8221;section&#8221; _builder_version=&#8221;3.22&#8243;][et_pb_row admin_label=&#8221;row&#8221; _builder_version=&#8221;3.25&#8243; background_size=&#8221;initial&#8221; background_position=&#8221;top_left&#8221; background_repeat=&#8221;repeat&#8221;][et_pb_column type=&#8221;4_4&#8243; _builder_version=&#8221;3.25&#8243; custom_padding=&#8221;|||&#8221; custom_padding__hover=&#8221;|||&#8221;][et_pb_text admin_label=&#8221;Text&#8221; _builder_version=&#8221;4.9.4&#8243; background_size=&#8221;initial&#8221; background_position=&#8221;top_left&#8221; background_repeat=&#8221;repeat&#8221; hover_enabled=&#8221;0&#8243; use_border_color=&#8221;off&#8221; border_color=&#8221;#ffffff&#8221; border_style=&#8221;solid&#8221; sticky_enabled=&#8221;0&#8243;] Allgemeine Gesch\u00e4ftsbedingungen Vermietung der Driftwood Villa in Karavados Kefalonia Einzahlungsbetrag Reservieren Sie Ihre Buchung bei Driftwood Villa Einzahlungsbetrag um eine Buchung zu best\u00e4tigen,Eine Anzahlung in H\u00f6he von 30 % ist erforderlich. Zahlungsmethoden [&hellip;]<\/p>\n","protected":false},"author":1,"featured_media":0,"parent":0,"menu_order":0,"comment_status":"closed","ping_status":"closed","template":"","meta":{"_et_pb_use_builder":"on","_et_pb_old_content":"<p>To confirm a booking, we usually ask a 30% deposit of the total amount and the total balance should be paid 4 weeks prior to arrival. Payment methods: direct bank transfer or online payment.<\/p><p>We can only accept payment on-line for your villa rental, by either credit or debit card, bank wire transfer or Pay Pal .We accept Visa, Master Card & American Express credit cards only.<\/p><p>For bookings more than 10 weeks prior to departure, a 25% deposit is required to confirm the booking. The outstanding balance will automatically be charged to the credit\/debit card registered for the booking 10 weeks prior to departure.For bookings 10 weeks or less from the date of departure, the full amount is due at the time of booking to confirm the booking.<\/p><p>Our on-line payment system is a completely secure encrypted site and you just need to follow the instructions displayed.<\/p><p>You will receive an automated email as confirmation for the villa booking. Should you require an invoice \/ confirmation, please email us your request on info@uniquekefalonia.com.<\/p>","_et_gb_content_width":"","footnotes":""},"class_list":["post-2332","page","type-page","status-publish","hentry"],"_links":{"self":[{"href":"https:\/\/driftwoodvillas.com\/de\/wp-json\/wp\/v2\/pages\/2332","targetHints":{"allow":["GET"]}}],"collection":[{"href":"https:\/\/driftwoodvillas.com\/de\/wp-json\/wp\/v2\/pages"}],"about":[{"href":"https:\/\/driftwoodvillas.com\/de\/wp-json\/wp\/v2\/types\/page"}],"author":[{"embeddable":true,"href":"https:\/\/driftwoodvillas.com\/de\/wp-json\/wp\/v2\/users\/1"}],"replies":[{"embeddable":true,"href":"https:\/\/driftwoodvillas.com\/de\/wp-json\/wp\/v2\/comments?post=2332"}],"version-history":[{"count":0,"href":"https:\/\/driftwoodvillas.com\/de\/wp-json\/wp\/v2\/pages\/2332\/revisions"}],"wp:attachment":[{"href":"https:\/\/driftwoodvillas.com\/de\/wp-json\/wp\/v2\/media?parent=2332"}],"curies":[{"name":"wp","href":"https:\/\/api.w.org\/{rel}","templated":true}]}}