{"id":3481,"date":"2025-02-14T10:19:23","date_gmt":"2025-02-14T08:19:23","guid":{"rendered":"https:\/\/driftwoodvillas.com\/?page_id=3481"},"modified":"2025-03-14T10:59:56","modified_gmt":"2025-03-14T08:59:56","slug":"auto","status":"publish","type":"page","link":"https:\/\/driftwoodvillas.com\/de\/auto\/","title":{"rendered":"Auto"},"content":{"rendered":"<p>[et_pb_section fb_built=&#8221;1&#8243; admin_label=&#8221;section&#8221; _builder_version=&#8221;4.9.3&#8243; background_color=&#8221;#FFFFFF&#8221; background_image=&#8221;https:\/\/driftwoodvillas.com\/wp-content\/uploads\/2025\/02\/ignis-gls-plus-gris-acero.png&#8221; parallax=&#8221;on&#8221; parallax_method=&#8221;off&#8221; custom_margin=&#8221;||0px||false|false&#8221; custom_padding=&#8221;||0px||false|false&#8221; transparent_background=&#8221;off&#8221; make_fullwidth=&#8221;off&#8221; use_custom_width=&#8221;off&#8221; width_unit=&#8221;on&#8221;][et_pb_row admin_label=&#8221;Row&#8221; _builder_version=&#8221;4.9.4&#8243; background_enable_image=&#8221;off&#8221; parallax=&#8221;on&#8221; width=&#8221;100%&#8221; custom_margin=&#8221;||||true|false&#8221; custom_padding=&#8221;10%||20%||false|false&#8221;][et_pb_column type=&#8221;4_4&#8243; _builder_version=&#8221;3.25&#8243; custom_padding=&#8221;|||&#8221; custom_padding__hover=&#8221;|||&#8221;][et_pb_text admin_label=&#8221;Driftwood\u2019s Alternative Healing and Relaxation Private Retreat&#8221; _builder_version=&#8221;4.9.3&#8243; _module_preset=&#8221;default&#8221; background_color=&#8221;rgba(255,255,255,0.66)&#8221; custom_margin=&#8221;10px|10px|10px|10px|true|true&#8221; custom_padding=&#8221;22px|22px|22px|22px|true|true&#8221;]<\/p>\n<h1 style=\"text-align: center;\">Mietwagen in Kefalonia<\/h1>\n<p>[\/et_pb_text][et_pb_text admin_label=&#8221;If you feel the need to unwind&#8221; _builder_version=&#8221;4.9.3&#8243; background_color=&#8221;rgba(255,255,255,0.64)&#8221; background_size=&#8221;initial&#8221; background_position=&#8221;top_left&#8221; background_repeat=&#8221;repeat&#8221; text_orientation=&#8221;center&#8221; module_alignment=&#8221;center&#8221; custom_margin=&#8221;|10px||10px|true|true&#8221; custom_padding=&#8221;5px|11px|5px|11px|true|true&#8221; use_border_color=&#8221;off&#8221; border_color=&#8221;#ffffff&#8221; border_style=&#8221;solid&#8221;]<\/p>\n<h3>Gro\u00dfartig! Sie kommen f\u00fcr Ihren Urlaub nach Kefalonia!!!!<\/h3>\n<h3>Was f\u00fcr eine wunderbare Insel Sie gew\u00e4hlt haben \u2013 mit unz\u00e4hligen Str\u00e4nden, atemberaubenden Landschaften und einem majest\u00e4tischen Berg, den Sie besuchen k\u00f6nnen.<\/h3>\n<h3>Kefalonia ist voller Gegens\u00e4tze: Hohe Berge, die aus dem Meer aufragen, endlose Str\u00e4nde, Buchten und versteckte kleine Paradiese.<\/h3>\n<h3>Au\u00dferdem gibt es Weing\u00fcter, Imkereien, Kl\u00f6ster, zahlreiche Tavernen und Strandbars.<\/h3>\n<h3>Sie werden auf asphaltierten Stra\u00dfen fahren, aber auch oft auf Schotterwegen.<\/h3>\n<h3>Wir k\u00f6nnen Ihnen das Leben erleichtern und Ihnen das passende Fahrzeug f\u00fcr Ihre Ausfl\u00fcge bereitstellen.<\/h3>\n<h3>Unser brandneuer Suzuki Ignis GL+ bringt Sie mit h\u00f6chster Sicherheit \u00fcberall auf der Insel hin.<\/h3>\n<h3>Sie k\u00f6nnen Ihr Auto direkt bei Ihrer Ankunft am Flughafen oder jederzeit an Ihrer Unterkunft abholen.<\/h3>\n<p>[\/et_pb_text][\/et_pb_column][\/et_pb_row][\/et_pb_section][et_pb_section fb_built=&#8221;1&#8243; admin_label=&#8221;mple&#8221; module_class=&#8221;left-diagonal&#8221; _builder_version=&#8221;4.9.4&#8243; background_color=&#8221;#d0c069&#8243; transparent_background=&#8221;off&#8221; make_fullwidth=&#8221;off&#8221; use_custom_width=&#8221;off&#8221; width_unit=&#8221;on&#8221;][et_pb_row _builder_version=&#8221;4.9.4&#8243; _module_preset=&#8221;default&#8221;][et_pb_column type=&#8221;4_4&#8243; _builder_version=&#8221;4.9.4&#8243; _module_preset=&#8221;default&#8221;][et_pb_text admin_label=&#8221;\u2026then live the 7 days or 3 days experience of Driftwood Alternative Healing and Relaxation Retreat!&#8221; _builder_version=&#8221;4.9.3&#8243; _module_preset=&#8221;default&#8221; background_color=&#8221;#FFFFFF&#8221; custom_margin=&#8221;10px|10px|10px|10px|true|true&#8221; custom_padding=&#8221;11px|11px|11px|11px|true|true&#8221;]<\/p>\n<h3>Kontaktieren Sie uns f\u00fcr Details zu Ihrer Autovermietung.<\/h3>\n<h3>\u00a0<\/h3>\n<h3>\u00a0<\/h3>\n<p>[\/et_pb_text][\/et_pb_column][\/et_pb_row][et_pb_row column_structure=&#8221;1_2,1_2&#8243; _builder_version=&#8221;4.9.3&#8243; _module_preset=&#8221;default&#8221;][et_pb_column type=&#8221;1_2&#8243; _builder_version=&#8221;4.9.3&#8243; _module_preset=&#8221;default&#8221;][et_pb_button button_url=&#8221;@ET-DC@eyJkeW5hbWljIjp0cnVlLCJjb250ZW50IjoicG9zdF9saW5rX3VybF9wYWdlIiwic2V0dGluZ3MiOnsicG9zdF9pZCI6IjYxIn19@&#8221; button_text=&#8221;Kontaktieren Sie uns.&#8221; button_alignment=&#8221;center&#8221; _builder_version=&#8221;4.9.3&#8243; _dynamic_attributes=&#8221;button_url&#8221; _module_preset=&#8221;default&#8221;][\/et_pb_button][\/et_pb_column][et_pb_column type=&#8221;1_2&#8243; _builder_version=&#8221;4.9.3&#8243; _module_preset=&#8221;default&#8221;][et_pb_button button_url=&#8221;https:\/\/driftwoodvillas.com\/de\/product\/car-rental\/&#8221; button_text=&#8221;Buchen Sie Ihr Auto online&#8221; button_alignment=&#8221;center&#8221; _builder_version=&#8221;4.9.3&#8243; _module_preset=&#8221;default&#8221; custom_button=&#8221;on&#8221; button_text_size=&#8221;31px&#8221; button_border_radius=&#8221;8px&#8221; hover_enabled=&#8221;0&#8243; sticky_enabled=&#8221;0&#8243;][\/et_pb_button][\/et_pb_column][\/et_pb_row][\/et_pb_section]<\/p>\n","protected":false},"excerpt":{"rendered":"<p>[et_pb_section fb_built=&#8221;1&#8243; admin_label=&#8221;section&#8221; _builder_version=&#8221;4.9.3&#8243; background_color=&#8221;#FFFFFF&#8221; background_image=&#8221;https:\/\/driftwoodvillas.com\/wp-content\/uploads\/2025\/02\/ignis-gls-plus-gris-acero.png&#8221; parallax=&#8221;on&#8221; parallax_method=&#8221;off&#8221; custom_margin=&#8221;||0px||false|false&#8221; custom_padding=&#8221;||0px||false|false&#8221; transparent_background=&#8221;off&#8221; make_fullwidth=&#8221;off&#8221; use_custom_width=&#8221;off&#8221; width_unit=&#8221;on&#8221;][et_pb_row admin_label=&#8221;Row&#8221; _builder_version=&#8221;4.9.4&#8243; background_enable_image=&#8221;off&#8221; parallax=&#8221;on&#8221; width=&#8221;100%&#8221; custom_margin=&#8221;||||true|false&#8221; custom_padding=&#8221;10%||20%||false|false&#8221;][et_pb_column type=&#8221;4_4&#8243; _builder_version=&#8221;3.25&#8243; custom_padding=&#8221;|||&#8221; custom_padding__hover=&#8221;|||&#8221;][et_pb_text admin_label=&#8221;Driftwood\u2019s Alternative Healing and Relaxation Private Retreat&#8221; _builder_version=&#8221;4.9.3&#8243; _module_preset=&#8221;default&#8221; background_color=&#8221;rgba(255,255,255,0.66)&#8221; custom_margin=&#8221;10px|10px|10px|10px|true|true&#8221; custom_padding=&#8221;22px|22px|22px|22px|true|true&#8221;] Mietwagen in Kefalonia [\/et_pb_text][et_pb_text admin_label=&#8221;If you feel the need to unwind&#8221; _builder_version=&#8221;4.9.3&#8243; background_color=&#8221;rgba(255,255,255,0.64)&#8221; background_size=&#8221;initial&#8221; background_position=&#8221;top_left&#8221; background_repeat=&#8221;repeat&#8221; text_orientation=&#8221;center&#8221; module_alignment=&#8221;center&#8221; [&hellip;]<\/p>\n","protected":false},"author":8,"featured_media":0,"parent":0,"menu_order":0,"comment_status":"closed","ping_status":"closed","template":"","meta":{"_et_pb_use_builder":"on","_et_pb_old_content":"<p>[et_pb_section fb_built=\"1\" admin_label=\"section\" _builder_version=\"4.9.3\" background_color=\"#FFFFFF\" background_image=\"https:\/\/driftwoodvillas.com\/wp-content\/uploads\/2025\/02\/ignis-gls-plus-gris-acero.png\" parallax=\"on\" parallax_method=\"off\" custom_margin=\"||0px||false|false\" custom_padding=\"||0px||false|false\" hover_enabled=\"0\" transparent_background=\"off\" make_fullwidth=\"off\" use_custom_width=\"off\" width_unit=\"on\" title_text=\"ignis-gls-plus-gris-acero\" sticky_enabled=\"0\"][et_pb_row admin_label=\"Row\" _builder_version=\"4.9.4\" background_enable_image=\"off\" parallax=\"on\" width=\"100%\" custom_margin=\"||||true|false\" custom_padding=\"10%||20%||false|false\" hover_enabled=\"0\" sticky_enabled=\"0\"][et_pb_column type=\"4_4\" _builder_version=\"3.25\" custom_padding=\"|||\" custom_padding__hover=\"|||\"][et_pb_text admin_label=\"Driftwood\u2019s Alternative Healing and Relaxation Private Retreat\" _builder_version=\"4.9.4\" _module_preset=\"default\" background_color=\"rgba(255,255,255,0.66)\" custom_margin=\"10px|10px|10px|10px|true|true\" custom_padding=\"22px|22px|22px|22px|true|true\"]<\/p><h1 style=\"text-align: center;\">Rent a car<\/h1><p>[\/et_pb_text][et_pb_text admin_label=\"If you feel the need to unwind\" _builder_version=\"4.9.4\" background_color=\"rgba(255,255,255,0.64)\" background_size=\"initial\" background_position=\"top_left\" background_repeat=\"repeat\" text_orientation=\"center\" module_alignment=\"center\" custom_margin=\"|10px||10px|true|true\" custom_padding=\"5px|11px|5px|11px|true|true\" use_border_color=\"off\" border_color=\"#ffffff\" border_style=\"solid\"]<\/p><h3>Great! You are coming to Kefalonia for your vacation!!!!<\/h3><p>What a great island you choose with lots of beaches, beautiful landscapes and a majestic mountain to visit.<\/p><p>Kefalonia is full of diversities: High mountains that arise from the sea, countless beaches, coves and hidden little paradises.<\/p><p>Also wineries, apiaries, monasteries, lots of taverns and beach bars.<\/p><p>You will drive on paved roads and lots of times on dirt roads.<\/p><p>We can make your life easier and provide the right vehicle for your excursions.<\/p><p>Our brand new Suzuki Ignis GL+ can take you anywhere in the island with the outmost safety.<\/p><p>You can pick up your car at the airport on your arrival or at your accommodation any time you wish.<\/p><p>\u00a0<\/p><p>[\/et_pb_text][\/et_pb_column][\/et_pb_row][\/et_pb_section][et_pb_section fb_built=\"1\" admin_label=\"mple\" module_class=\"left-diagonal\" _builder_version=\"4.9.4\" background_color=\"#d0c069\" transparent_background=\"off\" make_fullwidth=\"off\" use_custom_width=\"off\" width_unit=\"on\"][et_pb_row _builder_version=\"4.9.4\" _module_preset=\"default\"][et_pb_column type=\"4_4\" _builder_version=\"4.9.4\" _module_preset=\"default\"][et_pb_text admin_label=\"\u2026then live the 7 days or 3 days experience of Driftwood Alternative Healing and Relaxation Retreat!\" _builder_version=\"4.9.4\" _module_preset=\"default\" background_color=\"#FFFFFF\" custom_margin=\"10px|10px|10px|10px|true|true\" custom_padding=\"11px|11px|11px|11px|true|true\"]<\/p><h2><b>Contact us for details about your car rental<\/b><\/h2><p>[\/et_pb_text][et_pb_button button_url=\"@ET-DC@eyJkeW5hbWljIjp0cnVlLCJjb250ZW50IjoicG9zdF9saW5rX3VybF9wYWdlIiwic2V0dGluZ3MiOnsicG9zdF9pZCI6IjYxIn19@\" button_text=\"Contact us\" _builder_version=\"4.9.3\" _dynamic_attributes=\"button_url\" _module_preset=\"default\"][\/et_pb_button][\/et_pb_column][\/et_pb_row][\/et_pb_section]<\/p>","_et_gb_content_width":"","footnotes":""},"class_list":["post-3481","page","type-page","status-publish","hentry"],"_links":{"self":[{"href":"https:\/\/driftwoodvillas.com\/de\/wp-json\/wp\/v2\/pages\/3481","targetHints":{"allow":["GET"]}}],"collection":[{"href":"https:\/\/driftwoodvillas.com\/de\/wp-json\/wp\/v2\/pages"}],"about":[{"href":"https:\/\/driftwoodvillas.com\/de\/wp-json\/wp\/v2\/types\/page"}],"author":[{"embeddable":true,"href":"https:\/\/driftwoodvillas.com\/de\/wp-json\/wp\/v2\/users\/8"}],"replies":[{"embeddable":true,"href":"https:\/\/driftwoodvillas.com\/de\/wp-json\/wp\/v2\/comments?post=3481"}],"version-history":[{"count":12,"href":"https:\/\/driftwoodvillas.com\/de\/wp-json\/wp\/v2\/pages\/3481\/revisions"}],"predecessor-version":[{"id":3581,"href":"https:\/\/driftwoodvillas.com\/de\/wp-json\/wp\/v2\/pages\/3481\/revisions\/3581"}],"wp:attachment":[{"href":"https:\/\/driftwoodvillas.com\/de\/wp-json\/wp\/v2\/media?parent=3481"}],"curies":[{"name":"wp","href":"https:\/\/api.w.org\/{rel}","templated":true}]}}