{"id":2521,"date":"2017-05-04T21:34:44","date_gmt":"2021-04-25T12:41:51","guid":{"rendered":"https:\/\/driftwoodvillas.com\/product\/driftwood-villa\/"},"modified":"2025-03-14T14:15:27","modified_gmt":"2025-03-14T12:15:27","slug":"driftwood-villa","status":"publish","type":"product","link":"https:\/\/driftwoodvillas.com\/de\/product\/driftwood-villa\/","title":{"rendered":"Driftwood Villa"},"content":{"rendered":"<h2 id=\"prices\"><\/h2>\n<table class=\"tg\">\n<tbody>\n<tr>\n<th class=\"tg-031e\">Check in date<br \/>\n(From:)<\/th>\n<th class=\"tg-031e\">Check out date<br \/>\n(To:)<\/th>\n<th class=\"tg-031e\">Cost in \u20ac per night<\/th>\n<\/tr>\n<tr>\n<td class=\"tg-yw4l\">1 Mai 2021<\/td>\n<td class=\"tg-yw4l\">15 Mai 2021<\/td>\n<td class=\"tg-yw4l\">180\u20ac \/ Nacht<\/td>\n<\/tr>\n<tr>\n<td class=\"tg-yw4l\">16 Mai 2021<\/td>\n<td class=\"tg-yw4l\">31 Mai 2021<\/td>\n<td class=\"tg-yw4l\">200\u20ac \/ Nacht<\/td>\n<\/tr>\n<tr>\n<td class=\"tg-yw4l\">1 Juni 2021<\/td>\n<td class=\"tg-yw4l\">15 Juni 2021<\/td>\n<td class=\"tg-yw4l\">225\u20ac \/ Nacht<\/td>\n<\/tr>\n<tr>\n<td class=\"tg-yw4l\">16 Juni 2021<\/td>\n<td class=\"tg-yw4l\">30 Juni 2021<\/td>\n<td class=\"tg-yw4l\">245\u20ac \/ Nacht<\/td>\n<\/tr>\n<tr>\n<td class=\"tg-yw4l\">1 Juli 2021<\/td>\n<td class=\"tg-yw4l\">15 Juli 2021<\/td>\n<td class=\"tg-yw4l\">265\u20ac \/ Nacht<\/td>\n<\/tr>\n<tr>\n<td class=\"tg-yw4l\">16 Juli 2021<\/td>\n<td class=\"tg-yw4l\">31 Juli 2021<\/td>\n<td class=\"tg-yw4l\">285\u20ac \/ Nacht<\/td>\n<\/tr>\n<tr>\n<td class=\"tg-yw4l\">1 August 2021<\/td>\n<td class=\"tg-yw4l\">20 August 2021<\/td>\n<td class=\"tg-yw4l\">290\u20ac \/ Nacht<\/td>\n<\/tr>\n<tr>\n<td class=\"tg-yw4l\">21 August 2021<\/td>\n<td class=\"tg-yw4l\">31 August 2021<\/td>\n<td class=\"tg-yw4l\">285\u20ac \/ Nacht<\/td>\n<\/tr>\n<tr>\n<td class=\"tg-yw4l\">1 September 2021<\/td>\n<td class=\"tg-yw4l\">15 September 2021<\/td>\n<td class=\"tg-yw4l\">245\u20ac \/ Nacht<\/td>\n<\/tr>\n<tr>\n<td class=\"tg-yw4l\">16 September 2021<\/td>\n<td class=\"tg-yw4l\">30 September 2021<\/td>\n<td class=\"tg-yw4l\">225\u20ac \/ Nacht<\/td>\n<\/tr>\n<tr>\n<td class=\"tg-yw4l\">1 Oktober 2021<\/td>\n<td class=\"tg-yw4l\">15 Oktober 2021<\/td>\n<td class=\"tg-yw4l\">185\u20ac \/ Nacht<\/td>\n<\/tr>\n<tr>\n<td class=\"tg-yw4l\">16 Oktober2021<\/td>\n<td class=\"tg-yw4l\">31 Oktober 2021<\/td>\n<td class=\"tg-yw4l\">165\u20ac \/ Nacht<\/td>\n<\/tr>\n<tr>\n<td class=\"tg-yw4l\">1 November 2021<\/td>\n<td class=\"tg-yw4l\">31 Dezember 2021<\/td>\n<td class=\"tg-yw4l\">150\u20ac \/ Nacht<\/td>\n<\/tr>\n<\/tbody>\n<\/table>\n<p>&nbsp;<\/p>\n<h4>Bio-Fr\u00fchst\u00fcck f\u00fcr 2 Personen: 25 \u20ac \/ Tag<\/h4>\n<h4 class=\"et_pb_pricing_title\">7 Tage Retreat f\u00fcr 2 Personen: 1700 \u20ac<\/h4>\n<h4 class=\"et_pb_pricing_title\">3 Tage Retreat f\u00fcr 2 Personen: 800 \u20ac<\/h4>\n","protected":false},"excerpt":{"rendered":"<h3><a class=\"grow\" href=\"https:\/\/driftwoodvillas.com\/product\/car-rental\/\">Klicken Sie hier<\/a>, um die Fahrzeugverf\u00fcgbarkeit zu pr\u00fcfen und Ihr Auto online zu reservieren<\/h3>\n<p><\/br><\/p>\n<h4>F\u00fcr weniger als 7 Tage oder mehr Informationen <a href=\"https:\/\/driftwoodvillas.com\/de\/kontakt\/\">kontaktieren<\/a> Sie uns bitte<\/h4>\n<p><strong><span style=\"color: #9dc2ef;\"><a href=\"#prices\"><span style=\"color: #b37450;\">\u00dcberpr\u00fcfen Sie unsere Preisliste unten<\/span><\/a><\/span><\/strong><\/p>\n","protected":false},"featured_media":2459,"comment_status":"closed","ping_status":"closed","template":"","meta":{"_et_pb_use_builder":"off","_et_pb_old_content":"<h2 id=\"prices\"><\/h2>\r\n<table class=\"tg\">\r\n<tbody>\r\n<tr>\r\n<th class=\"tg-031e\">Check in date\r\n(From:)<\/th>\r\n<th class=\"tg-031e\">Check out date\r\n(To:)<\/th>\r\n<th class=\"tg-031e\">Cost in \u20ac per night<\/th>\r\n<\/tr>\r\n<tr>\r\n<td class=\"tg-yw4l\">1 Mai 2021<\/td>\r\n<td class=\"tg-yw4l\">15 Mai 2021<\/td>\r\n<td class=\"tg-yw4l\">180\u20ac \/ Nacht<\/td>\r\n<\/tr>\r\n<tr>\r\n<td class=\"tg-yw4l\">16 Mai 2021<\/td>\r\n<td class=\"tg-yw4l\">31 Mai 2021<\/td>\r\n<td class=\"tg-yw4l\">200\u20ac \/ Nacht<\/td>\r\n<\/tr>\r\n<tr>\r\n<td class=\"tg-yw4l\">1 Juni 2021<\/td>\r\n<td class=\"tg-yw4l\">15 Juni 2021<\/td>\r\n<td class=\"tg-yw4l\">225\u20ac \/ Nacht<\/td>\r\n<\/tr>\r\n<tr>\r\n<td class=\"tg-yw4l\">16 Juni 2021<\/td>\r\n<td class=\"tg-yw4l\">30 Juni 2021<\/td>\r\n<td class=\"tg-yw4l\">245\u20ac \/ Nacht<\/td>\r\n<\/tr>\r\n<tr>\r\n<td class=\"tg-yw4l\">1 Juli 2021<\/td>\r\n<td class=\"tg-yw4l\">15 Juli 2021<\/td>\r\n<td class=\"tg-yw4l\">265\u20ac \/ Nacht<\/td>\r\n<\/tr>\r\n<tr>\r\n<td class=\"tg-yw4l\">16 Juli 2021<\/td>\r\n<td class=\"tg-yw4l\">31 Juli 2021<\/td>\r\n<td class=\"tg-yw4l\">285\u20ac \/ Nacht<\/td>\r\n<\/tr>\r\n<tr>\r\n<td class=\"tg-yw4l\">1 August 2021<\/td>\r\n<td class=\"tg-yw4l\">20 August 2021<\/td>\r\n<td class=\"tg-yw4l\">290\u20ac \/ Nacht<\/td>\r\n<\/tr>\r\n<tr>\r\n<td class=\"tg-yw4l\">21 August 2021<\/td>\r\n<td class=\"tg-yw4l\">31 August 2021<\/td>\r\n<td class=\"tg-yw4l\">285\u20ac \/ Nacht<\/td>\r\n<\/tr>\r\n<tr>\r\n<td class=\"tg-yw4l\">1 September 2021<\/td>\r\n<td class=\"tg-yw4l\">15 September 2021<\/td>\r\n<td class=\"tg-yw4l\">245\u20ac \/ Nacht<\/td>\r\n<\/tr>\r\n<tr>\r\n<td class=\"tg-yw4l\">16 September 2021<\/td>\r\n<td class=\"tg-yw4l\">30 September 2021<\/td>\r\n<td class=\"tg-yw4l\">225\u20ac \/ Nacht<\/td>\r\n<\/tr>\r\n<tr>\r\n<td class=\"tg-yw4l\">1 Oktober 2021<\/td>\r\n<td class=\"tg-yw4l\">15 Oktober 2021<\/td>\r\n<td class=\"tg-yw4l\">185\u20ac \/ Nacht<\/td>\r\n<\/tr>\r\n<tr>\r\n<td class=\"tg-yw4l\">16 Oktober2021<\/td>\r\n<td class=\"tg-yw4l\">31 Oktober 2021<\/td>\r\n<td class=\"tg-yw4l\">165\u20ac \/ Nacht<\/td>\r\n<\/tr>\r\n<tr>\r\n<td class=\"tg-yw4l\">1 November 2021<\/td>\r\n<td class=\"tg-yw4l\">31 Dezember 2021<\/td>\r\n<td class=\"tg-yw4l\">150\u20ac \/ Nacht<\/td>\r\n<\/tr>\r\n<\/tbody>\r\n<\/table>\r\n\u00a0\r\n<h4>Bio-Fr\u00fchst\u00fcck f\u00fcr 2 Personen: 25 \u20ac \/ Tag<\/h4>\r\n<h4 class=\"et_pb_pricing_title\">7 Tage Retreat f\u00fcr 2 Personen: 1700 \u20ac<\/h4>\r\n<h4 class=\"et_pb_pricing_title\">3 Tage Retreat f\u00fcr 2 Personen: 800 \u20ac<\/h4>","_et_gb_content_width":""},"product_cat":[54],"product_tag":[],"class_list":["post-2521","product","type-product","status-publish","has-post-thumbnail","hentry","product_cat-villa-de","yith_booking_service-3-days-retreat-de","yith_booking_service-7-days-retreat-de","yith_booking_service-breakfast-de"],"_links":{"self":[{"href":"https:\/\/driftwoodvillas.com\/de\/wp-json\/wp\/v2\/product\/2521","targetHints":{"allow":["GET"]}}],"collection":[{"href":"https:\/\/driftwoodvillas.com\/de\/wp-json\/wp\/v2\/product"}],"about":[{"href":"https:\/\/driftwoodvillas.com\/de\/wp-json\/wp\/v2\/types\/product"}],"replies":[{"embeddable":true,"href":"https:\/\/driftwoodvillas.com\/de\/wp-json\/wp\/v2\/comments?post=2521"}],"wp:featuredmedia":[{"embeddable":true,"href":"https:\/\/driftwoodvillas.com\/de\/wp-json\/wp\/v2\/media\/2459"}],"wp:attachment":[{"href":"https:\/\/driftwoodvillas.com\/de\/wp-json\/wp\/v2\/media?parent=2521"}],"wp:term":[{"taxonomy":"product_cat","embeddable":true,"href":"https:\/\/driftwoodvillas.com\/de\/wp-json\/wp\/v2\/product_cat?post=2521"},{"taxonomy":"product_tag","embeddable":true,"href":"https:\/\/driftwoodvillas.com\/de\/wp-json\/wp\/v2\/product_tag?post=2521"}],"curies":[{"name":"wp","href":"https:\/\/api.w.org\/{rel}","templated":true}]}}